{"id":2,"date":"2010-07-19T09:40:57","date_gmt":"2010-07-19T07:40:57","guid":{"rendered":"http:\/\/www.klaipedosbutai.lt\/?page_id=2"},"modified":"2026-04-02T07:42:57","modified_gmt":"2026-04-02T05:42:57","slug":"apie","status":"publish","type":"page","link":"https:\/\/www.klaipedosbutai.lt\/?page_id=2","title":{"rendered":"Apie \u012fstaig\u0105"},"content":{"rendered":"<div dir=\"ltr\">\n<div>\n<p><strong>Vie\u0161oji \u012fstaiga \u201eKlaip\u0117dos butai\u201c<\/strong> \u012fsteigta 2007 m. sausio 25 d. Klaip\u0117dos miesto savivaldyb\u0117s tarybos sprendimu Nr. T2-12 ir \u012fregistruota 2007 m. vasario 9 d Juridini\u0173 asmen\u0173 registre. Vie\u0161osios \u012fstaigos \u201eKlaip\u0117dos butai\u201c misija ir tikslas \u2013 teikti Klaip\u0117dos miesto savivaldyb\u0117s gyvenam\u0173j\u0173 patalp\u0173 nuomos vie\u0161\u0105sias paslaugas ir vykdyti Klaip\u0117dos miesto savivaldyb\u0117s socialinio b\u016bsto fondo gyvenam\u0173j\u0173 nam\u0173 bendr\u0173j\u0173 objekt\u0173 administravim\u0105 ir nuolatin\u0119 technin\u0119 prie\u017ei\u016br\u0105.<\/p>\n<\/div>\n<p><strong>Vie\u0161osios \u012fstaigos \u201eKlaip\u0117dos butai\u201c veiklos u\u017edaviniai<\/strong><\/p>\n<ul>\n<li>Savivaldyb\u0117s, kaip gyvenam\u0173j\u0173 patalp\u0173 savinink\u0117s, interes\u0173 gauti nustatyto dyd\u017eio nuompinigius patenkinimas;<\/li>\n<li>Savivaldyb\u0117s gyvenam\u0173j\u0173 patalp\u0173 nuominink\u0173 atsiskaitym\u0173 u\u017e teikiamas paslaugas kontrol\u0117 bei vie\u0161ojo intereso \u2013 nuomoti gyvenam\u0105sias patalpas tiems asmenims, kurie s\u0105\u017einingai atsiskaito u\u017e teikiamas paslaugas ir nuom\u0105 bei naudoja suteiktas jiems nuomos pagrindais gyvenam\u0105sias patalpas pagal paskirt\u012f, u\u017etikrinimas;<\/li>\n<li>Savivaldyb\u0117s gyvenam\u0173j\u0173 patalp\u0173 technin\u0117s b\u016bkl\u0117s inventorizavimas ir tinkamos tu\u0161\u010di\u0173 ir nuomojam\u0173 gyvenam\u0173j\u0173 patalp\u0173 technin\u0117s b\u016bkl\u0117s u\u017etikrinimas.<\/li>\n<\/ul>\n<div dir=\"ltr\"><strong>Vie\u0161osios \u012fstaigos \u201eKlaip\u0117dos butai\u201c veiklos kryptys<\/strong><\/div>\n<div dir=\"ltr\">\n<ul>\n<li>sutar\u010di\u0173 su nuomininkais sudarymas Savivaldyb\u0117s vardu pagal priimtus Savivaldyb\u0117s tarybos sprendimus ir Savivaldyb\u0117s administracijos direktoriaus \u012fsakymus;<\/li>\n<li>socialinio b\u016bsto fondo gyvenam\u0173j\u0173 patalp\u0173 nuomos sutar\u010di\u0173 apskaitos vykdymas;<\/li>\n<li>socialinio b\u016bsto nuominink\u0173 duomen\u0173 baz\u0117s tvarkymas, naudojantis kompiuterin\u0117mis informacin\u0117mis sistemomis;<\/li>\n<li>s\u0105skait\u0173 fakt\u016br\u0173 formavimas, <ins cite=\"mailto:virc\" datetime=\"2010-09-15T12:41\"><\/ins>spausdinimas, i\u0161siuntimas;<\/li>\n<li>nuomos mokes\u010dio surinkimas \u012estaigos s\u0105skaitoje ir pervedimas \u012f savivaldyb\u0117s biud\u017eet\u0105;<\/li>\n<li>nuomos mokes\u010dio i\u0161ie\u0161kojimo organizavimas \u2013 prevencinio darbo su nemokiais nuomininkais vykdymas, parei\u0161kim\u0173 d\u0117l teismo \u012fsakym\u0173 i\u0161davimo ir (arba) ie\u0161kini\u0173 teismams rei\u0161kimas bei atstovavimas teisme d\u0117l nesumok\u0117to nuomos mokes\u010dio priteisimo;<\/li>\n<li>dokument\u0173 ie\u0161kiniams parengti d\u0117l asmen\u0173 i\u0161keldinimo i\u0161 but\u0173 teis\u0117s akt\u0173 nustatyta tvarka pateikimas Savivaldyb\u0117s administracijai, i\u0161keldinimo proced\u016br\u0173 pagal priimtus teism\u0173 sprendimus organizavimas;<\/li>\n<li>gyvenam\u0173j\u0173 patalp\u0173 technin\u0117s b\u016bkl\u0117s inventorizavimas, metini\u0173 plan\u0173 patalp\u0173 remontui sudarymas, l\u0117\u0161\u0173 remonto darbams planavimas;<\/li>\n<li>gyvenam\u0173j\u0173 patalp\u0173 remonto darb\u0173 technin\u0117s prie\u017ei\u016bros vykdymas;<\/li>\n<li>dokument\u0173, teikiam\u0173 apmok\u0117jimui u\u017e rangov\u0173 atliktus socialinio b\u016bsto fondo gyvenam\u0173j\u0173 patalp\u0173 remonto darbus nustatyta tvarka tikrinimas, derinimas ir pateikimas Savivaldyb\u0117s administracijai;<\/li>\n<li>avarini\u0173 situacij\u0173 socialinio fondo but\u0173 in\u017eineriniuose tinkluose ir \u012frenginuose likvidavimas;<\/li>\n<li>socialinio b\u016bsto fondo gyvenam\u0173j\u0173 nam\u0173 administravimo ir nuolatin\u0117s technin\u0117s prie\u017ei\u016bros paslaug\u0173 vykdymas;<\/li>\n<li>bendradarbiavimas su elektros, \u0161ilumos energijos, duj\u0173 ir vandens tiek\u0117jais, komunalini\u0173 paslaug\u0173 tiek\u0117jais ir daugiabu\u010di\u0173 nam\u0173 administratoriais, socialin\u0119 param\u0105 teikian\u010diomis \u012fstaigomis visais su socialinio b\u016bsto fondo gyvenam\u0173j\u0173 patalp\u0173 nuoma susijusiais klausimais;<\/li>\n<li>informacijos apie tu\u0161\u010dias gyvenam\u0105sias patalpas rinkimas, \u0161i\u0173 patalp\u0173 apsaugos iki remonto ir i\u0161nuomojimo u\u017etikrinimas;<\/li>\n<li>ataskait\u0173 apie \u012estaigos veiklos rezultatus bei informacijos socialinio b\u016bsto nuomos klausimais pateikimas Savivaldyb\u0117s administracijai;<\/li>\n<li>skund\u0173 \u012estaigos kompetencijos klausimais pri\u0117mimas, nagrin\u0117jimas ir atsakym\u0173 rengimas.<\/li>\n<\/ul>\n<\/div>\n<\/div>\n<div dir=\"ltr\">\n<p><strong>Vie\u0161osios \u012fstaigos \u201eKlaip\u0117dos butai\u201c vie\u0161ai skelbiami dokumentai<\/strong><\/p>\n<ul>\n<li><strong><a href=\"https:\/\/www.klaipedosbutai.lt\/wp-content\/uploads\/2025\/03\/Elektroninio_dokumento_nuorasas.pdf\">VIE\u0160OSIOS \u012eSTAIGOS \u201eKLAIP\u0116DOS BUTAI\u201c \u012eSTATAI IR VALDYMO STRUKT\u016aRA<\/a><\/strong><\/li>\n<li><strong><a href=\"https:\/\/www.e-tar.lt\/portal\/lt\/legalAct\/TAR.1E52802BE548\/asr\">VIE\u0160OJI \u012eSTAIGA KLAIP\u0116DOS BUTAI VADOVAUJASI LIETUVOS RESPUBLIKOS VIE\u0160\u0172J\u0172 \u012eSTAIG\u0172 \u012eSTATYMU NR. I-1428<\/a><\/strong><\/li>\n<li><strong><a href=\"https:\/\/www.klaipedosbutai.lt\/wp-content\/uploads\/2022\/04\/Viesuju-pirkimu-organizavimo-ir-kontroles-taisykles.pdf\">VIE\u0160OSIOS \u012eSTAIGOS KLAIP\u0116DOS BUTAI VIE\u0160\u0172J\u0172 PIRKIM\u0172 ORGANIZAVIMO IR VIDAUS KONTROL\u0116S TAISYKL\u0116S<\/a><\/strong><\/li>\n<li><strong><a href=\"https:\/\/www.klaipedosbutai.lt\/wp-content\/uploads\/2022\/04\/Viesuju-pirkimu-komisijos-darbo-reglamentas.pdf\">VIE\u0160OSIOS \u012eSTAIGOS KLAIP\u0116DOS BUTAI VIE\u0160\u0172J\u0172 PIRKIM\u0172 KOMISIJOS DARBO REGLAMENTAS<\/a><\/strong><\/li>\n<li><a href=\"https:\/\/teisineinformacija.lt\/klaipeda\/document\/183995\"><b>INFORMACIJOS APIE PA\u017dEIDIMUS TEIKIMO TVARKOS APRA\u0160AS<\/b><\/a><\/li>\n<li><strong><a href=\"https:\/\/www.klaipedosbutai.lt\/wp-content\/uploads\/2024\/02\/VIESOSIOS-ISTAIGOS-\u201eKLAIPEDOS-BUTAI-DARBUOTOJU-DARBO-APMOKEJIMO-SISTEMOS-APRASAS.pdf\">VIE\u0160OSIOS \u012eSTAIGOS KLAIP\u0116DOS BUTAI DARBUOTOJ\u0172 DARBO APMOK\u0116JIMO SISTEMOS APRA\u0160AS<\/a><\/strong><\/li>\n<li><strong><a href=\"https:\/\/www.klaipedosbutai.lt\/wp-content\/uploads\/2024\/04\/VIESOSIOS-ISTAIGOS-KLAIPEDOS-BUTAI-INFORMACIJA-APIE-DARBO-UZMOKESTI.doc\">VIE\u0160OSIOS \u012eSTAIGOS KLAIP\u0116DOS BUTA INFORMACIJA APIE DARBO U\u017dMOKEST\u012e<\/a><\/strong><\/li>\n<li><a href=\"https:\/\/www.klaipedosbutai.lt\/wp-content\/uploads\/2025\/04\/aktuali-redakcija_CPO-tvarka-2025-02-14-AD1-116.pdf\"><strong>\u012eSAKYMAS D\u0116L CENTRALIZUOT\u0172 VIE\u0160\u0172J\u0172 PIRKIM\u0172 VEIKLOS PASLAUG\u0172 SUTARTIES FORMOS IR KLAIP\u0116DOS MIESTO SAVIVALDYB\u0116S KONTROLIUOJAM\u0172 (VALDOM\u0172) \u012eSTAIG\u0172 CENTRALIZUOT\u0172 IR DECENTRALIZUOT\u0172 VIE\u0160\u0172J\u0172 PIRKIM\u0172 VYKDYMO TVARKOS TAISYKLI\u0172 PATVIRTINIMO<\/strong><\/a><\/li>\n<li><a href=\"https:\/\/www.klaipedosbutai.lt\/wp-content\/uploads\/2025\/04\/KLAIPEDOS-VIESOSIOS-ISTAIGOS-\u201eKLAIPEDOS-BUTAI-INFORMACIJOS-RENGIMO-IR-AR-TEIKIMO-ASMENIMS-SU-NEGALIA-JU-PASIRINKTAIS-PRIEINAMAIS-BENDRAVIMO-BUDAIS-TVARKOS-APRASAS.docx\"><strong>KLAIP\u0116DOS\u00a0 VIE\u0160OSIOS \u012eSTAIGOS \u201eKLAIP\u0116DOS BUTAI\u201c \u00a0INFORMACIJOS RENGIMO IR (AR) TEIKIMO ASMENIMS SU NEGALIA \u00a0J\u0172 PASIRINKTAIS PRIEINAMAIS BENDRAVIMO B\u016aDAIS \u00a0TVARKOS APRA\u0160AS<\/strong><\/a><\/li>\n<li><strong><a href=\"https:\/\/www.klaipedosbutai.lt\/wp-content\/uploads\/2023\/09\/VIESOSIOS-ISTAIGOS-KLAIPEDOS-BUTAI-2019-METU-FINANSINIU-ATASKAITU-AUDITORIAUS-ISVADA-VEIKLOS-ATASKAITA-IR-METINIU-FINANSINIU-RINKINYS.pdf\">VIE\u0160OSIOS \u012eSTAIGOS KLAIP\u0116DOS BUTAI 2019 MET\u0172 METINI\u0172 ATASKAIT\u0172 RINKINYS<\/a><\/strong><\/li>\n<li><strong><a href=\"https:\/\/www.klaipedosbutai.lt\/wp-content\/uploads\/2023\/09\/VIESOSIOS-ISTAIGOS-KLAIPEDOS-BUTAI-2020-METU-FINANSINIU-ATASKAITU-AUDITORIAUS-ISVADA-VEIKLOS-ATASKAITA-IR-METINIU-FINANSINIU-RINKINYS.pdf\">VIE\u0160OSIOS \u012eSTAIGOS KLAIP\u0116DOS BUTAI 2020 MET\u0172 METINI\u0172 ATASKAIT\u0172 RINKINYS<\/a><\/strong><\/li>\n<li><strong><a href=\"https:\/\/www.klaipedosbutai.lt\/wp-content\/uploads\/2023\/09\/VIESOSIOS-ISTAIGOS-KLAIPEDOS-BUTAI-2021-METU-FINANSINIU-ATASKAITU-AUDITORIAUS-ISVADA-VEIKLOS-ATASKAITA-IR-METINIU-FINANSINIU-RINKINYS.pdf\">VIE\u0160OSIOS \u012eSTAIGOS KLAIP\u0116DOS BUTAI 2021 MET\u0172 METINI\u0172 ATASKAIT\u0172 RINKINYS<\/a><\/strong><\/li>\n<li><strong><a href=\"https:\/\/www.klaipedosbutai.lt\/wp-content\/uploads\/2023\/09\/VIESOSIOS-ISTAIGOS-KLAIPEDOS-BUTAI-2022-METU-FINANSINIU-ATASKAITU-AUDITORIAUS-ISVADA-VEIKLOS-ATASKAITA-IR-METINIU-FINANSINIU-RINKINYS.pdf\">VIE\u0160OSIOS \u012eSTAIGOS KLAIP\u0116DOS BUTAI 2022 MET\u0172 METINI\u0172 ATASKAIT\u0172 RINKINYS<\/a><\/strong><\/li>\n<li><strong><a href=\"https:\/\/www.klaipedosbutai.lt\/wp-content\/uploads\/2024\/04\/VIESOSIOS-ISTAIGOS-KLAIPEDOS-BUTAI-2023-METU-FINANSINIU-ATASKAITU-AUDITORIAUS-ISVADA-VEIKLOS-ATASKAITA-IR-METINIU-FINANSINIU-RINKINYS.pdf\">VIE\u0160OSIOS \u012eSTAIGOS KLAIP\u0116DOS BUTAI 2023 MET\u0172\u00a0 METINI\u0172 ATASKAIT\u0172 RINKINYS<\/a><\/strong><\/li>\n<li><strong><a href=\"https:\/\/www.klaipedosbutai.lt\/wp-content\/uploads\/2025\/04\/VIESOSIOS-ISTAIGOS-KLAIPEDOS-BUTAI-2024-METU-METINIU-ATASKAITU-RINKINYS.pdf\">VIE\u0160OSIOS \u012eSTAIGOS KLAIP\u0116DOS BUTAI 2024 MET\u0172 METINI\u0172 ATASKAIT\u0172 RINKINYS<\/a><\/strong><\/li>\n<\/ul>\n<\/div>\n","protected":false},"excerpt":{"rendered":"<p>Vie\u0161oji \u012fstaiga \u201eKlaip\u0117dos butai\u201c \u012fsteigta 2007 m. sausio 25 d. Klaip\u0117dos miesto savivaldyb\u0117s tarybos sprendimu Nr. T2-12 ir \u012fregistruota 2007 m. vasario 9 d Juridini\u0173 asmen\u0173 registre. Vie\u0161osios \u012fstaigos \u201eKlaip\u0117dos butai\u201c misija ir tikslas \u2013 teikti Klaip\u0117dos miesto savivaldyb\u0117s gyvenam\u0173j\u0173 patalp\u0173 nuomos vie\u0161\u0105sias paslaugas ir vykdyti Klaip\u0117dos miesto savivaldyb\u0117s socialinio b\u016bsto fondo gyvenam\u0173j\u0173 nam\u0173 bendr\u0173j\u0173 [&hellip;]<\/p>\n","protected":false},"author":1,"featured_media":0,"parent":0,"menu_order":1,"comment_status":"closed","ping_status":"closed","template":"","meta":{"footnotes":""},"class_list":["post-2","page","type-page","status-publish","hentry"],"_links":{"self":[{"href":"https:\/\/www.klaipedosbutai.lt\/index.php?rest_route=\/wp\/v2\/pages\/2","targetHints":{"allow":["GET"]}}],"collection":[{"href":"https:\/\/www.klaipedosbutai.lt\/index.php?rest_route=\/wp\/v2\/pages"}],"about":[{"href":"https:\/\/www.klaipedosbutai.lt\/index.php?rest_route=\/wp\/v2\/types\/page"}],"author":[{"embeddable":true,"href":"https:\/\/www.klaipedosbutai.lt\/index.php?rest_route=\/wp\/v2\/users\/1"}],"replies":[{"embeddable":true,"href":"https:\/\/www.klaipedosbutai.lt\/index.php?rest_route=%2Fwp%2Fv2%2Fcomments&post=2"}],"version-history":[{"count":139,"href":"https:\/\/www.klaipedosbutai.lt\/index.php?rest_route=\/wp\/v2\/pages\/2\/revisions"}],"predecessor-version":[{"id":260781,"href":"https:\/\/www.klaipedosbutai.lt\/index.php?rest_route=\/wp\/v2\/pages\/2\/revisions\/260781"}],"wp:attachment":[{"href":"https:\/\/www.klaipedosbutai.lt\/index.php?rest_route=%2Fwp%2Fv2%2Fmedia&parent=2"}],"curies":[{"name":"wp","href":"https:\/\/api.w.org\/{rel}","templated":true}]}}