{"id":22,"date":"2010-07-19T10:24:35","date_gmt":"2010-07-19T08:24:35","guid":{"rendered":"http:\/\/www.klaipedosbutai.lt\/?page_id=22"},"modified":"2024-01-09T09:34:57","modified_gmt":"2024-01-09T07:34:57","slug":"asmenu-aptarnavimas","status":"publish","type":"page","link":"https:\/\/www.klaipedosbutai.lt\/?page_id=22","title":{"rendered":"Asmen\u0173 aptarnavimas"},"content":{"rendered":"<p><strong>Vie\u0161ojoje \u012fstaigoje \u201eKlaip\u0117dos butai\u201c<\/strong> asmenys aptarnaujami, j\u0173 pra\u0161ymai, parei\u0161kimai, skundai nagrin\u0117jami vadovaujantis Vie\u0161ojo administravimo \u012fstatymu, Lietuvos Respublikos Vyriausyb\u0117s 2007 m. rugpj\u016b\u010dio 22 d. nutarimu Nr. 875 patvirtintomis Asmen\u0173 pra\u0161ym\u0173 nagrin\u0117jimo ir j\u0173 aptarnavimo vie\u0161ojo administravimo institucijose, \u012fstaigose ir kituose vie\u0161ojo administravimo subjektuose taisykl\u0117mis.<\/p>\r\n<p><strong>Asmen\u0173 pra\u0161ymai, parei\u0161kimai, skundai ir pasi\u016blymai gali b\u016bti siun\u010diami adresais<\/strong><\/p>\r\n<ul>\r\n<li>Baltijos pr. 111-51, LT-93221 Klaip\u0117da, Lietuva<\/li>\r\n<li>Elektroniniu pa\u0161tu <ins cite=\"mailto:virc\" datetime=\"2010-09-15T13:04\"><a href=\"mailto:info@klaipedosbutai.lt\">info@klaipedosbutai.lt<\/a><\/ins><\/li>\r\n<\/ul>\r\n\r\n<p>&nbsp;<\/p>\r\n","protected":false},"excerpt":{"rendered":"<p>Vie\u0161ojoje \u012fstaigoje \u201eKlaip\u0117dos butai\u201c asmenys aptarnaujami, j\u0173 pra\u0161ymai, parei\u0161kimai, skundai nagrin\u0117jami vadovaujantis Vie\u0161ojo administravimo \u012fstatymu, Lietuvos Respublikos Vyriausyb\u0117s 2007 m. rugpj\u016b\u010dio 22 d. nutarimu Nr. 875 patvirtintomis Asmen\u0173 pra\u0161ym\u0173 nagrin\u0117jimo ir j\u0173 aptarnavimo vie\u0161ojo administravimo institucijose, \u012fstaigose ir kituose vie\u0161ojo administravimo subjektuose taisykl\u0117mis. Asmen\u0173 pra\u0161ymai, parei\u0161kimai, skundai ir pasi\u016blymai gali b\u016bti siun\u010diami adresais Baltijos pr. [&hellip;]<\/p>\n","protected":false},"author":1,"featured_media":0,"parent":2,"menu_order":0,"comment_status":"closed","ping_status":"closed","template":"","meta":{"footnotes":""},"class_list":["post-22","page","type-page","status-publish","hentry"],"_links":{"self":[{"href":"https:\/\/www.klaipedosbutai.lt\/index.php?rest_route=\/wp\/v2\/pages\/22","targetHints":{"allow":["GET"]}}],"collection":[{"href":"https:\/\/www.klaipedosbutai.lt\/index.php?rest_route=\/wp\/v2\/pages"}],"about":[{"href":"https:\/\/www.klaipedosbutai.lt\/index.php?rest_route=\/wp\/v2\/types\/page"}],"author":[{"embeddable":true,"href":"https:\/\/www.klaipedosbutai.lt\/index.php?rest_route=\/wp\/v2\/users\/1"}],"replies":[{"embeddable":true,"href":"https:\/\/www.klaipedosbutai.lt\/index.php?rest_route=%2Fwp%2Fv2%2Fcomments&post=22"}],"version-history":[{"count":35,"href":"https:\/\/www.klaipedosbutai.lt\/index.php?rest_route=\/wp\/v2\/pages\/22\/revisions"}],"predecessor-version":[{"id":260646,"href":"https:\/\/www.klaipedosbutai.lt\/index.php?rest_route=\/wp\/v2\/pages\/22\/revisions\/260646"}],"up":[{"embeddable":true,"href":"https:\/\/www.klaipedosbutai.lt\/index.php?rest_route=\/wp\/v2\/pages\/2"}],"wp:attachment":[{"href":"https:\/\/www.klaipedosbutai.lt\/index.php?rest_route=%2Fwp%2Fv2%2Fmedia&parent=22"}],"curies":[{"name":"wp","href":"https:\/\/api.w.org\/{rel}","templated":true}]}}