{"id":260697,"date":"2025-01-20T14:53:54","date_gmt":"2025-01-20T12:53:54","guid":{"rendered":"https:\/\/www.klaipedosbutai.lt\/?page_id=260697"},"modified":"2025-01-20T15:11:44","modified_gmt":"2025-01-20T13:11:44","slug":"praneseju-apsauga","status":"publish","type":"page","link":"https:\/\/www.klaipedosbutai.lt\/?page_id=260697","title":{"rendered":"Prane\u0161\u0117j\u0173 apsauga"},"content":{"rendered":"<p>Lietuvos Respublikos prane\u0161\u0117j\u0173 apsaugos \u012fstatymas (toliau \u2013 \u012estatymas) \u00a0\u012ftvirtina asmen\u0173, pateikusi\u0173 informacij\u0105 apie pa\u017eeidim\u0105 \u012fstaigoje, su kuria juos sieja ar siejo tarnybos ar darbo santykiai arba sutartiniai santykiai, apsaugos mechanizm\u0105. \u012estatymas taip pat nustato apie pa\u017eeidimus \u012fstaigose prane\u0161usi\u0173 asmen\u0173 teises ir pareigas, j\u0173 teisin\u0117s apsaugos pagrindus ir formas, taip pat \u0161i\u0173 asmen\u0173 apsaugos, skatinimo ir pagalbos jiems priemones, siekiant sudaryti tinkamas galimybes prane\u0161ti apie teis\u0117s pa\u017eeidimus, kelian\u010dius gr\u0117sm\u0119 vie\u0161ajam interesui arba j\u012f pa\u017eeid\u017eian\u010dius, u\u017etikrinti toki\u0173 pa\u017eeidim\u0173 prevencij\u0105 ir atskleidim\u0105.<\/p>\n<p><strong><u>Prane\u0161imus apie pasteb\u0117tus pa\u017eeidimus vie\u0161ojoje \u012fstaigoje \u201eKlaip\u0117dos butai\u201c (toliau-\u012estaiga) gali pateikti esami ir buv\u0119 \u012estaigos darbuotojai arba asmenys sutartiniais santykiais (konsultavimo, rangos, subrangos, sta\u017euot\u0117s, praktikos, savanori\u0161kos veiklos ir pan.) \u00a0susij\u0119 su \u012estaiga.<\/u><\/strong><\/p>\n<p><strong>Pa\u017eeidimas\u00a0<\/strong>\u2013 \u012estaigoje galb\u016bt rengiama, daroma ar padaryta nusikalstama veika, administracinis nusi\u017eengimas, tarnybinis nusi\u017eengimas ar darbo pareig\u0173 pa\u017eeidimas, taip pat \u0161iurk\u0161tus privalom\u0173 profesin\u0117s etikos norm\u0173 pa\u017eeidimas, m\u0117ginimas nusl\u0117pti min\u0117t\u0105 pa\u017eeidim\u0105 ar kitas gr\u0117sm\u0119 vie\u0161ajam interesui keliantis arba j\u012f pa\u017eeid\u017eiantis teis\u0117s pa\u017eeidimas, apie kuriuos informacij\u0105 apie pa\u017eeidim\u0105 pateikiantis asmuo su\u017eino i\u0161 savo turim\u0173 ar tur\u0117t\u0173 tarnybos, darbo ar sutartini\u0173 santyki\u0173 su \u012estaiga arba \u012fdarbinimo ar kit\u0173 iki sutartini\u0173 santyki\u0173 metu.<\/p>\n<p><strong>Prane\u0161imai teikiami<\/strong>\u00a0siekiant apsaugoti vie\u0161\u0105j\u012f interes\u0105. Informacija pateikta siekiant apginti i\u0161skirtinai asmeninius interesus nebus laikoma prane\u0161imu.<\/p>\n<p>Siekiant sudaryti tinkamas galimybes prane\u0161ti apie teis\u0117s pa\u017eeidimus ir u\u017etikrinti toki\u0173 pa\u017eeidim\u0173 prevencij\u0105 bei atskleidim\u0105,\u00a0<strong>Prane\u0161\u0117j\u0173 apsaugos \u012fstatymas<\/strong>\u00a0nustato:<\/p>\n<ul>\n<li>apie pa\u017eeidimus \u012fstaigose prane\u0161usi\u0173 asmen\u0173 apsaugos pagrindus ir formas;<\/li>\n<li>apie pa\u017eeidimus \u012fstaigose prane\u0161usi\u0173 asmen\u0173 teises ir pareigas;<\/li>\n<li>apie pa\u017eeidimus \u012fstaigose prane\u0161usi\u0173 asmen\u0173 apsaugos, skatinimo ir pagalbos jiems priemones.<\/li>\n<\/ul>\n<p>&nbsp;<\/p>\n<p><strong>Informacij\u0105 apie pa\u017eeidim\u0105 galite pateikti \u0161iais b\u016bdais:<\/strong><\/p>\n<ul>\n<li>\u012estaigoje &#8211; elektroninio pa\u0161to adresu:\u00a0<a href=\"mailto:info@klaipedosbutai.lt\">info@klaipedosbutai.lt<\/a>\n<ul>\n<li>rekomenduojame prane\u0161im\u0105 teikti u\u017epildant \u0161i\u0105\u00a0<strong>Prane\u0161imo apie pa\u017eeidim\u0105 form\u0105<\/strong> <a href=\"https:\/\/www.klaipedosbutai.lt\/wp-content\/uploads\/2025\/01\/Pranesimo-apie-pazeidima-forma.docx\">\u010dia.<\/a><\/li>\n<li>arba laisvos formos prane\u0161imu, nurodant kas, kada, kokiu b\u016bdu ir kok\u012f pa\u017eeidim\u0105 rengiasi daryti, daro ar padar\u0117 ir pan.; su\u017einojimo apie pa\u017eeidim\u0105 dat\u0105 ir aplinkybes; savo vard\u0105, pavard\u0119, asmens kod\u0105 ar gim. dat\u0105, darboviet\u0119, kontaktinius duomenis: elektroninio pa\u0161to adres\u0105 ir kitus duomenis ry\u0161iui palaikyti; nurodant, kad\u00a0<strong>\u0161i informacija teikiama vadovaujantis Prane\u0161\u0117j\u0173 apsaugos \u012fstatymu.<\/strong><\/li>\n<\/ul>\n<\/li>\n<li>Tiesiogiai \u012estaigos Kompetentingam subjektui: Reginai Rimutienei, tel. +370 46 31 30 14 arba atvykus nurodytu adresu (Baltijos pr. 111-51, Klaip\u0117da) kreipiantis \u012f \u0161\u012f asmen\u012f tiesiogiai;<\/li>\n<li><strong><em>SVARBU.\u00a0<\/em><\/strong>Siun\u010diant prane\u0161im\u0105 apie pa\u017eeidim\u0105 pa\u0161tu, po Administracijos pavadinimu, turi b\u016bti nurodoma \u017eyma &#8222;<em><strong>Kompetatingam subjektui asmeni\u0161kai<\/strong><\/em><strong>&#8222;<\/strong>.<\/li>\n<li><a href=\"https:\/\/www.prokuraturos.lt\/lt\/aktualu-pranesejams\/praneseju-konsultavimas-telefonu\/7062\">Prokurat\u016brai tiesiogiai<\/a>.\n<ul>\n<li>Asmuo d\u0117l pa\u017eeidimo kreipiasi tiesiogiai \u012f kompetenting\u0105 institucij\u0105, kai yra bent viena i\u0161 \u0161i\u0173 aplinkybi\u0173:\n<ul>\n<li>pa\u017eeidimas turi esmin\u0119 reik\u0161m\u0119 vie\u0161ajam interesui;<\/li>\n<li>b\u016btina kuo skubiau u\u017ekirsti keli\u0105 pa\u017eeidimui ar j\u012f nutraukti, nes gali atsirasti didel\u0117 \u017eala;<\/li>\n<li>vadovaujantys, su \u012fstaiga darbo ar sutartiniais santykiais siejami asmenys patys galb\u016bt daro ar yra padar\u0119 pa\u017eeidimus;<\/li>\n<li>informacija apie pa\u017eeidim\u0105 buvo pateikta elektroniniu pa\u0161tu, ta\u010diau atsakymas nebuvo gautas arba nebuvo imtasi veiksm\u0173 reaguojant \u012f pateikt\u0105 informacij\u0105, arba priemon\u0117s, kuri\u0173 buvo imtasi, buvo neveiksmingos;<\/li>\n<li>yra pagrindas manyti, kad, pateikus informacij\u0105 apie pa\u017eeidim\u0105 elektroniniu pa\u0161tu, prane\u0161\u0117jo anonimi\u0161kumas ar asmens konfidencialumas gali b\u016bti neu\u017etikrintas arba bus siekiama pa\u017eeidim\u0105, apie kur\u012f prane\u0161ta, nusl\u0117pti;<\/li>\n<li>\u012estaigoje n\u0117ra veikian\u010dio vidinio informacijos apie pa\u017eeidimus teikimo kanalo;<\/li>\n<\/ul>\n<\/li>\n<\/ul>\n<\/li>\n<li>Vie\u0161ai.\n<ul>\n<li>Vie\u0161ai informacija apie pa\u017eeidim\u0105 gali b\u016bti teikiama, siekiant prane\u0161ti apie gresiant\u012f pavoj\u0173 \u017emoni\u0173 gyvybei, visuomen\u0117s sveikatai ar aplinkai, kai siekiant u\u017ekirsti keli\u0105 tokiai gr\u0117smei b\u016btina imtis skubi\u0173 veiksm\u0173 ir d\u0117l laiko stokos n\u0117ra galimybi\u0173 apie pa\u017eeidim\u0105 prane\u0161ti kitais b\u016bdais arba kitais b\u016bdais prane\u0161us apie pa\u017eeidim\u0105 nebuvo laiku imtasi reikiam\u0173 veiksm\u0173.<\/li>\n<\/ul>\n<\/li>\n<\/ul>\n<p><strong>Pagal \u012estatym\u0105 informacija apie pa\u017eeidimus teikiama d\u0117l:<\/strong><\/p>\n<ul>\n<li>pavojaus visuomen\u0117s saugumui ar sveikatai, asmens gyvybei ar sveikatai;<\/li>\n<li>pavojaus aplinkai;<\/li>\n<li>kliudymo arba neteis\u0117to poveikio teis\u0117saugos institucij\u0173 atliekamiems tyrimams ar teismams vykdant teisingum\u0105;<\/li>\n<li>neteis\u0117tos veiklos finansavimo;<\/li>\n<li>neteis\u0117to ar neskaidraus vie\u0161\u0173j\u0173 l\u0117\u0161\u0173 ar turto naudojimo;<\/li>\n<li>neteis\u0117tu b\u016bdu \u012fgyto turto;<\/li>\n<li>padaryto pa\u017eeidimo padarini\u0173 sl\u0117pimo, kliudymo nustatyti padarini\u0173 mast\u0105;<\/li>\n<li>kit\u0173 pa\u017eeidim\u0173.<\/li>\n<\/ul>\n<p><u>Asmeniui, pateikusiam informacij\u0105 apie pa\u017eeidim\u0105, bus taikomas konfidencialumas. Reikalavimas u\u017etikrinti konfidencialum\u0105 netaikomas, tik tais atvejais, kai:<\/u><\/p>\n<ul>\n<li>to ra\u0161tu pra\u0161o asmuo, pateikiantis arba pateik\u0119s informacij\u0105 apie pa\u017eeidim\u0105;<\/li>\n<li>asmuo pateikia \u017einomai melaging\u0105 informacij\u0105.<\/li>\n<\/ul>\n<p>Asmeniui d\u0117l informacijos apie pa\u017eeidim\u0105 pateikimo neatsiranda jokia sutartin\u0117 ar deliktin\u0117 atsakomyb\u0117, taip pat atsakomyb\u0117 d\u0117l garb\u0117s ir orumo \u012f\u017eeidimo, d\u0117l \u0161mei\u017eto, jeigu, \u012fstatymo nustatyta tvarka teikdamas informacij\u0105 apie pa\u017eeidim\u0105, jis pagr\u012fstai man\u0117, kad teikia teising\u0105 informacij\u0105.<\/p>\n<p>Asmuo u\u017e \u017eal\u0105, atsiradusi\u0105 d\u0117l informacijos apie pa\u017eeidim\u0105 pateikimo, atsako tik tokiu atveju, jei \u012frodoma, kad asmuo negal\u0117jo pagr\u012fstai manyti, kad jo teikiama informacija yra teisinga.<\/p>\n<p>\u017dinomai melagingos informacijos, taip pat valstyb\u0117s ar tarnybos paslapt\u012f sudaran\u010dios informacijos pateikimas nesuteikia informacij\u0105 apie pa\u017eeidim\u0105 pateikusiam asmeniui garantij\u0173 pagal \u012fstatym\u0105. \u017dinomai melaging\u0105 informacij\u0105 pateik\u0119s arba valstyb\u0117s ar tarnybos paslapt\u012f ar profesin\u0119 paslapt\u012f atskleid\u0119s asmuo atsako teis\u0117s akt\u0173 nustatyta tvarka.<\/p>\n<p><u>Teisin\u0117s gynybos priemones:<\/u><\/p>\n<ul>\n<li>Informacij\u0105 apie pa\u017eeidim\u0105 pateikian\u010dio asmens, pagalbininko, prane\u0161\u0117jo, su pa\u017eeidimu susijusio asmens teisi\u0173 ir j\u0173 gynimo priemoni\u0173 negali b\u016bti atsisakoma, jos negali b\u016bti ribojamos ar paneigiamos darbo santyki\u0173, arbitra\u017einiais ar jokiais kitais susitarimais.<\/li>\n<li>Kai prane\u0161\u0117jui daromas neigiamas poveikis, apie tai jis prane\u0161a kompetentingai institucijai.<\/li>\n<li>Kai neigiamas poveikis daromas asmeniui, pateikusiam informacij\u0105 apie pa\u017eeidim\u0105 per \u012estaigos elektronin\u012f pa\u0161t\u0105, jis pateikia prane\u0161im\u0105 kompetentingai institucijai, kuri sprend\u017eia klausim\u0105 d\u0117l asmens pripa\u017einimo prane\u0161\u0117ju.<\/li>\n<li>Informacij\u0105 apie pa\u017eeidim\u0105 pateik\u0119s asmuo, prane\u0161\u0117jas (prane\u0161\u0117jo \u0161eimos nariai, giminai\u010diai, kolegos, dirbantys savivaldyb\u0117je arba kitame su savivaldyb\u0119 subordinaciniais ry\u0161iais susijusiame juridiniame asmenyje, kuriame informacij\u0105 apie pa\u017eeidim\u0105 pateikusio asmens \u0161eimos narys, giminaitis, kolega d\u0117l informacijos apie pa\u017eeidim\u0105 pateikimo gali patirti neigiam\u0173 padarini\u0173) d\u0117l patiriam\u0173 neigiamo poveikio priemoni\u0173 nulemt\u0173 padarini\u0173 gali kreiptis \u012f teism\u0105. Asmuo, kur\u012f su \u012estaiga sieja tarnybos santykiai, vadovaudamasis Administracini\u0173 byl\u0173 teisenos \u012fstatymu, turi teis\u0119 gin\u010dyti d\u0117l jo priimt\u0105 ir neigiam\u0173 padarini\u0173 keliant\u012f administracin\u012f sprendim\u0105 arba kitok\u012f veiksm\u0105 ar neveikim\u0105.<\/li>\n<li>Prane\u0161\u0117jas turi teis\u0119 \u012f atlyginim\u0105 u\u017e verting\u0105 informacij\u0105 ir kompensacij\u0105 d\u0117l patiriamo neigiamo poveikio ar galim\u0173 padarini\u0173 d\u0117l jo pateikto prane\u0161imo.<\/li>\n<\/ul>\n<p><strong>\u00a0<\/strong><\/p>\n<p><strong>Prane\u0161im\u0173 per 2022 m. nebuvo gauta bei perduota teis\u0117saugos institucijoms.<\/strong><\/p>\n<p><strong>Prane\u0161im\u0173 per 2023 m. nebuvo gauta bei perduota teis\u0117saugos institucijoms.\u00a0<\/strong><\/p>\n<p><strong>Prane\u0161im\u0173 per 2024 m. nebuvo gauta bei perduota teis\u0117saugos institucijoms.\u00a0<\/strong><\/p>\n<p>&nbsp;<\/p>\n<p>&nbsp;<\/p>\n","protected":false},"excerpt":{"rendered":"<p>Lietuvos Respublikos prane\u0161\u0117j\u0173 apsaugos \u012fstatymas (toliau \u2013 \u012estatymas) \u00a0\u012ftvirtina asmen\u0173, pateikusi\u0173 informacij\u0105 apie pa\u017eeidim\u0105 \u012fstaigoje, su kuria juos sieja ar siejo tarnybos ar darbo santykiai arba sutartiniai santykiai, apsaugos mechanizm\u0105. \u012estatymas taip pat nustato apie pa\u017eeidimus \u012fstaigose prane\u0161usi\u0173 asmen\u0173 teises ir pareigas, j\u0173 teisin\u0117s apsaugos pagrindus ir formas, taip pat \u0161i\u0173 asmen\u0173 apsaugos, skatinimo ir [&hellip;]<\/p>\n","protected":false},"author":1,"featured_media":0,"parent":2,"menu_order":0,"comment_status":"closed","ping_status":"closed","template":"","meta":{"footnotes":""},"class_list":["post-260697","page","type-page","status-publish","hentry"],"_links":{"self":[{"href":"https:\/\/www.klaipedosbutai.lt\/index.php?rest_route=\/wp\/v2\/pages\/260697","targetHints":{"allow":["GET"]}}],"collection":[{"href":"https:\/\/www.klaipedosbutai.lt\/index.php?rest_route=\/wp\/v2\/pages"}],"about":[{"href":"https:\/\/www.klaipedosbutai.lt\/index.php?rest_route=\/wp\/v2\/types\/page"}],"author":[{"embeddable":true,"href":"https:\/\/www.klaipedosbutai.lt\/index.php?rest_route=\/wp\/v2\/users\/1"}],"replies":[{"embeddable":true,"href":"https:\/\/www.klaipedosbutai.lt\/index.php?rest_route=%2Fwp%2Fv2%2Fcomments&post=260697"}],"version-history":[{"count":2,"href":"https:\/\/www.klaipedosbutai.lt\/index.php?rest_route=\/wp\/v2\/pages\/260697\/revisions"}],"predecessor-version":[{"id":260707,"href":"https:\/\/www.klaipedosbutai.lt\/index.php?rest_route=\/wp\/v2\/pages\/260697\/revisions\/260707"}],"up":[{"embeddable":true,"href":"https:\/\/www.klaipedosbutai.lt\/index.php?rest_route=\/wp\/v2\/pages\/2"}],"wp:attachment":[{"href":"https:\/\/www.klaipedosbutai.lt\/index.php?rest_route=%2Fwp%2Fv2%2Fmedia&parent=260697"}],"curies":[{"name":"wp","href":"https:\/\/api.w.org\/{rel}","templated":true}]}}