{"id":260764,"date":"2026-01-20T11:50:53","date_gmt":"2026-01-20T09:50:53","guid":{"rendered":"https:\/\/www.klaipedosbutai.lt\/?page_id=260764"},"modified":"2026-01-20T11:52:39","modified_gmt":"2026-01-20T09:52:39","slug":"prieinamumo-atitikties-paraiska","status":"publish","type":"page","link":"https:\/\/www.klaipedosbutai.lt\/?page_id=260764","title":{"rendered":"Prienamumo atitikties parai\u0161ka"},"content":{"rendered":"<p>V\u0161\u012e \u201eKlaip\u0117dos butai\u201c siekia u\u017etikrinti savo interneto svetain\u0117s prieinamum\u0105 pagal Bendr\u0173j\u0173 reikalavim\u0173 valstyb\u0117s ir savivaldybi\u0173 institucij\u0173 ir \u012fstaig\u0173 interneto svetain\u0117ms ir mobiliosioms programoms apra\u0161\u0105 (toliau \u2013 Apra\u0161as), patvirtint\u0105 Lietuvos Respublikos Vyriausyb\u0117s 2003 m. baland\u017eio 18 d. nutarimu Nr. 480.\u0160i atitikties parai\u0161ka taikoma V\u0161\u012e \u201eKlaip\u0117dos butai\u201c interneto svetainei<br \/>\nwww.klaipedosbutai.lt<\/p>\n<p><strong>Atitikties parai\u0161kos rengimas<\/strong><br \/>\nAtitikties parai\u0161ka parengta: 2026-01-20<br \/>\nParei\u0161kimo rengimo b\u016bdas (faktinis atitikties vertinimas): tre\u010diosios \u0161alies atliktas vertinimas<br \/>\nAtitikties parai\u0161ka paskutin\u012f kart\u0105 per\u017ei\u016br\u0117ta: 2026-01-20<\/p>\n<p><strong>Atitikimo statusas<\/strong><br \/>\n\u0160i interneto svetain\u0117 d\u0117l taikyto supaprastinto vertinimo metodo Apra\u0161o nuostatas atitinka i\u0161 dalies.<\/p>\n<p><strong>Vertinimo metodas<\/strong><br \/>\nInterneto svetain\u0117s prieinamumas buvo \u012fvertintas supaprastintu b\u016bdu, kaip nustatyta Europos Komisijos \u012fgyvendinimo sprendime (ES) 2018\/1524.<br \/>\nSupaprastintas vertinimas apima tik pagrindini\u0173 svetain\u0117s funkcij\u0173 analiz\u0119, tod\u0117l kai kurie svetain\u0117s elementai gal\u0117jo b\u016bti ne\u012fvertinti i\u0161samiai. Vertinimo metu buvo tikrinama, ar svetain\u0117 neatitinka Apra\u0161e nustatyt\u0173 prieinamumo reikalavim\u0173.<br \/>\nSupaprastinta steb\u0117sena orientuota \u012f \u0161iuos naudotoj\u0173 prieinamumo poreikius:<br \/>\na) naudojimasis neturint reg\u0117jimo;<br \/>\nb) naudojimasis turint ribot\u0105 reg\u0117jim\u0105;<br \/>\nc) naudojimasis neturint geb\u0117jimo suvokti spalvas;<br \/>\nd) naudojimasis neturint klausos;<br \/>\ne) naudojimasis turint ribot\u0105 klaus\u0105;<br \/>\nf) naudojimasis neturint geb\u0117jimo kalb\u0117ti;<br \/>\ng) naudojimasis esant ribotoms galimyb\u0117ms atlikti rank\u0173 judesius ar ribotai j\u0117gai;<br \/>\nh) traukuli\u0173 d\u0117l jautrumo \u0161viesai suk\u0117limo galimybi\u0173 ma\u017einimas;<br \/>\ni) naudojimasis turint ribotus pa\u017einimo geb\u0117jimus.<\/p>\n<p><strong>Gr\u012f\u017etamoji ir kontaktin\u0117 informacija<\/strong><br \/>\nLaukiame J\u016bs\u0173 atsiliepim\u0173 apie V\u0161\u012e \u201eKlaip\u0117dos butai\u201c interneto svetain\u0117s prieinamum\u0105.<br \/>\nJeigu pasteb\u0117jote, kad svetain\u0117 neatitinka Apra\u0161o 36 punkte nustatyt\u0173 prieinamumo reikalavim\u0173, arba jeigu Jums reikalinga informacija apie turin\u012f, kuriam pagal Apra\u0161o 41 ir 43 punktus n\u0117ra taikomi Apra\u0161o 36 punkto reikalavimai, pra\u0161ome susisiekti:<br \/>\nEl. pa\u0161tas: info@klaipedosbutai.lt<br \/>\nTelefono Nr.: +370 46 313 014<\/p>\n<p><strong>Skundo pateikimas<\/strong><br \/>\nSkund\u0105 d\u0117l V\u0161\u012e \u201eKlaip\u0117dos butai\u201c veiksm\u0173 ar neveikimo, susijusi\u0173 su interneto svetain\u0117s atitiktimi Apra\u0161e nustatytiems prieinamumo reikalavimams, taip pat d\u0117l netinkamai atlikto vertinimo ar \u0161ioje atitikties parai\u0161koje pateiktos ar nepateiktos informacijos, galite pateikti Valstyb\u0117s skaitmenini\u0173 sprendim\u0173 agent\u016brai:<br \/>\nValstyb\u0117s skaitmenini\u0173 sprendim\u0173 agent\u016bra<br \/>\nKonstitucijos pr. 15-89, Vilnius<br \/>\nEl. pa\u0161tas: info@vssa.lt<\/p>\n","protected":false},"excerpt":{"rendered":"<p>V\u0161\u012e \u201eKlaip\u0117dos butai\u201c siekia u\u017etikrinti savo interneto svetain\u0117s prieinamum\u0105 pagal Bendr\u0173j\u0173 reikalavim\u0173 valstyb\u0117s ir savivaldybi\u0173 institucij\u0173 ir \u012fstaig\u0173 interneto svetain\u0117ms ir mobiliosioms programoms apra\u0161\u0105 (toliau \u2013 Apra\u0161as), patvirtint\u0105 Lietuvos Respublikos Vyriausyb\u0117s 2003 m. baland\u017eio 18 d. nutarimu Nr. 480.\u0160i atitikties parai\u0161ka taikoma V\u0161\u012e \u201eKlaip\u0117dos butai\u201c interneto svetainei www.klaipedosbutai.lt Atitikties parai\u0161kos rengimas Atitikties parai\u0161ka parengta: 2026-01-20 [&hellip;]<\/p>\n","protected":false},"author":1,"featured_media":0,"parent":2,"menu_order":0,"comment_status":"closed","ping_status":"closed","template":"","meta":{"footnotes":""},"class_list":["post-260764","page","type-page","status-publish","hentry"],"_links":{"self":[{"href":"https:\/\/www.klaipedosbutai.lt\/index.php?rest_route=\/wp\/v2\/pages\/260764","targetHints":{"allow":["GET"]}}],"collection":[{"href":"https:\/\/www.klaipedosbutai.lt\/index.php?rest_route=\/wp\/v2\/pages"}],"about":[{"href":"https:\/\/www.klaipedosbutai.lt\/index.php?rest_route=\/wp\/v2\/types\/page"}],"author":[{"embeddable":true,"href":"https:\/\/www.klaipedosbutai.lt\/index.php?rest_route=\/wp\/v2\/users\/1"}],"replies":[{"embeddable":true,"href":"https:\/\/www.klaipedosbutai.lt\/index.php?rest_route=%2Fwp%2Fv2%2Fcomments&post=260764"}],"version-history":[{"count":2,"href":"https:\/\/www.klaipedosbutai.lt\/index.php?rest_route=\/wp\/v2\/pages\/260764\/revisions"}],"predecessor-version":[{"id":260768,"href":"https:\/\/www.klaipedosbutai.lt\/index.php?rest_route=\/wp\/v2\/pages\/260764\/revisions\/260768"}],"up":[{"embeddable":true,"href":"https:\/\/www.klaipedosbutai.lt\/index.php?rest_route=\/wp\/v2\/pages\/2"}],"wp:attachment":[{"href":"https:\/\/www.klaipedosbutai.lt\/index.php?rest_route=%2Fwp%2Fv2%2Fmedia&parent=260764"}],"curies":[{"name":"wp","href":"https:\/\/api.w.org\/{rel}","templated":true}]}}