{"id":506,"date":"2020-11-24T12:37:44","date_gmt":"2020-11-24T10:37:44","guid":{"rendered":"http:\/\/www.klaipedosbutai.lt\/?page_id=506"},"modified":"2026-04-02T13:00:08","modified_gmt":"2026-04-02T11:00:08","slug":"506-2","status":"publish","type":"page","link":"https:\/\/www.klaipedosbutai.lt\/","title":{"rendered":""},"content":{"rendered":"<h1 style=\"text-align: center;\"><span style=\"color: #000000;\">INFORMACIJA INTERESANTAMS<\/span><\/h1>\n<p style=\"text-align: center;\" data-start=\"309\" data-end=\"429\">Vie\u0161oji \u012fstaiga <strong data-start=\"325\" data-end=\"346\">\u201eKlaip\u0117dos butai\u201c<\/strong> klientus aptarnauja <strong data-start=\"367\" data-end=\"386\">nuotoliniu b\u016bdu<\/strong> arba <strong data-start=\"392\" data-end=\"428\">su i\u0161ankstine vizito registracija<\/strong>.<\/p>\n<p style=\"text-align: center;\" data-start=\"431\" data-end=\"541\"><img decoding=\"async\" class=\"emoji\" role=\"img\" draggable=\"false\" src=\"https:\/\/s.w.org\/images\/core\/emoji\/17.0.2\/svg\/1f4de.svg\" alt=\"&#x1f4de;\" \/>\u00a0+370 46 313 014<br data-start=\"617\" data-end=\"620\" \/><img decoding=\"async\" class=\"emoji\" role=\"img\" draggable=\"false\" src=\"https:\/\/s.w.org\/images\/core\/emoji\/17.0.2\/svg\/2709.svg\" alt=\"&#x2709;&#xfe0f;\" \/>\u00a0<a class=\"decorated-link cursor-pointer\" rel=\"noopener\" data-start=\"623\" data-end=\"645\">info@klaipedosbutai.lt<\/a><\/p>\n<p style=\"text-align: center;\" data-start=\"543\" data-end=\"722\">&#x1f553; <strong data-start=\"546\" data-end=\"563\">Darbo laikas:<\/strong><br data-start=\"563\" data-end=\"566\" \/><strong data-start=\"566\" data-end=\"597\">Pirmadienis\u2013ketvirtadienis:<\/strong> 8:00\u201312:00, 12:45\u201317:00<br data-start=\"623\" data-end=\"626\" \/><strong data-start=\"626\" data-end=\"643\">Penktadienis:<\/strong> 8:00\u201312:00, 12:45\u201315:45<br data-start=\"669\" data-end=\"672\" \/><strong data-start=\"672\" data-end=\"722\">Savaitgaliais ir \u0161ven\u010di\u0173 dienomis \u2013 nedirbame.<\/strong><\/p>\n<hr \/>\n<h1 style=\"text-align: center;\" data-start=\"221\" data-end=\"283\"><span style=\"color: #000000;\"><strong data-start=\"225\" data-end=\"283\">INFORMUOJAME APIE B\u016aSTO NUOMOS MOKES\u010cIO PERSKAI\u010cIAVIM\u0104<\/strong><\/span><\/h1>\n<p data-start=\"285\" data-end=\"475\">Vadovaujantis galiojan\u010diais teis\u0117s aktais, nuo <strong data-start=\"332\" data-end=\"355\">2026 m. sausio 1 d.<\/strong> bus <strong data-start=\"360\" data-end=\"474\">perskai\u010diuotas Klaip\u0117dos miesto savivaldybei nuosavyb\u0117s teise priklausan\u010di\u0173 gyvenam\u0173j\u0173 patalp\u0173 nuomos mokestis<\/strong>.<\/p>\n<p data-start=\"477\" data-end=\"550\">Nuomos mokes\u010dio perskai\u010diavimas atliekamas remiantis \u0161iais teis\u0117s aktais:<\/p>\n<ul>\n<li data-start=\"477\" data-end=\"550\"><a class=\"decorated-link cursor-pointer\" href=\"https:\/\/www.infolex.lt\/ta\/65125:str34\" target=\"_new\" rel=\"noopener\" data-start=\"554\" data-end=\"677\">Lietuvos Respublikos vietos savivaldos \u012fstatymas (34 str. 1 d.)<\/a><\/li>\n<li data-start=\"680\" data-end=\"844\">\n<p data-start=\"682\" data-end=\"844\"><a href=\"https:\/\/e-seimas.lrs.lt\/portal\/legalAct\/lt\/TAD\/620cd9e0584311e49df480952cc07606\/asr\">Lietuvos Respublikos paramos b\u016bstui \u012fsigyti ar i\u0161sinuomoti \u012fstatymas (20 str. 10 d., 21 str. 1 d.)<\/a><\/p>\n<\/li>\n<li data-start=\"845\" data-end=\"950\">\n<p data-start=\"847\" data-end=\"950\"><a class=\"decorated-link\" href=\"https:\/\/www.infolex.lt\/ta\/12755:str6.583\" target=\"_new\" rel=\"noopener\" data-start=\"847\" data-end=\"948\">Lietuvos Respublikos civilinis kodeksas (6.583 str. 2 d.)<\/a><\/p>\n<\/li>\n<li data-start=\"951\" data-end=\"1166\">\n<p data-start=\"953\" data-end=\"1166\"><a href=\"https:\/\/e-seimas.lrs.lt\/portal\/legalAct\/lt\/TAD\/TAIS.130798\/asr\">Socialinio b\u016bsto ir kito savivaldyb\u0117s b\u016bsto nuomos mokes\u010di\u0173 apskai\u010diavimo metodika (patvirtinta Vyriausyb\u0117s 2001 m. baland\u017eio 25 d. nutarimu Nr. 472)<\/a><\/p>\n<\/li>\n<li data-start=\"1167\" data-end=\"1339\">\n<p data-start=\"1169\" data-end=\"1339\"><a class=\"decorated-link\" href=\"https:\/\/www.klaipeda.lt\/data\/public\/uploads\/2020\/12\/t2-305.docx\" target=\"_new\" rel=\"noopener\" data-start=\"1169\" data-end=\"1337\">Klaip\u0117dos miesto savivaldyb\u0117s tarybos 2020 m. gruod\u017eio 23 d. sprendimas Nr. T2-305 (dokumentas .docx)<\/a><\/p>\n<\/li>\n<li data-start=\"1340\" data-end=\"1562\">\n<p data-start=\"1342\" data-end=\"1562\"><a class=\"decorated-link\" href=\"https:\/\/www.klaipeda.lt\/data\/public\/uploads\/2025\/01\/2024m.tarybospatvirtintasaprasas.docx\" target=\"_new\" rel=\"noopener\" data-start=\"1342\" data-end=\"1560\">Savivaldyb\u0117s b\u016bsto ir socialinio b\u016bsto nuomos tvarkos apra\u0161as (2024 m. rugs\u0117jo 26 d. sprendimas Nr. T2-321, dokumentas .docx)<\/a><\/p>\n<\/li>\n<li data-start=\"1563\" data-end=\"1731\">\n<p data-start=\"1565\" data-end=\"1731\">Klaip\u0117dos miesto savivaldyb\u0117s administracijos direktoriaus 2025 m. liepos 25 d. \u012fsakymas Nr. AD2-617<\/p>\n<\/li>\n<\/ul>\n<h4 style=\"text-align: center;\" data-start=\"1733\" data-end=\"1838\"><span style=\"color: #000000;\"><strong data-start=\"1733\" data-end=\"1838\">Tiksli naujo nuomos mokes\u010dio suma kiekvienam nuomininkui bus prane\u0161ta asmeni\u0161kai \u2013 atskiru prane\u0161imu.<\/strong><\/span><\/h4>\n<div class=\"wp-block-group\" style=\"text-align: center;\">\n<div class=\"wp-block-group__inner-container\">\n<hr \/>\n<ul>\n<li style=\"text-align: left;\"><strong><a href=\"https:\/\/www.klaipedosbutai.lt\/wp-content\/uploads\/2025\/04\/JEI-KRIZE-ARBA-KARAS-KAIP-ELGTIS.pdf\">JEI KRIZ\u0116 ARBA KARAS KAIP ELGTIS<\/a><\/strong><\/li>\n<li style=\"text-align: left;\"><strong><a href=\"https:\/\/www.klaipedosbutai.lt\/wp-content\/uploads\/2025\/04\/IF-WAR-OR-CRISIS-COMES-WHAT-SHOULD-I-DO.pdf\">IF WAR OR CRISIS COMES WHAT SHOULD I DO<\/a><\/strong><\/li>\n<li style=\"text-align: left;\"><strong><a href=\"https:\/\/www.klaipedosbutai.lt\/wp-content\/uploads\/2025\/04\/GDYBY-NADSZEDL-KRYZYS-LUB-WOJNA-JAK-SIE-ZACHOWAC.pdf\">GDYBY NADSZED\u0141 KRYZYS LUB WOJNA JAK SI\u0118 ZACHOWA\u0106<\/a><\/strong><\/li>\n<li style=\"text-align: left;\"><strong><strong><a href=\"https:\/\/www.klaipedosbutai.lt\/wp-content\/uploads\/2025\/04\/\u042f\u041a\u0429\u041e-\u041a\u0420\u0418\u0417\u0410-\u0427\u0418-\u0412\u0406\u0419\u041d\u0410-\u042f\u041a-\u041f\u041e\u0412\u041e\u0414\u0418\u0422\u0418\u0421\u042f.pdf\">\u042f\u041a\u0429\u041e \u041a\u0420\u0418\u0417\u0410 \u0427\u0418 \u0412\u0406\u0419\u041d\u0410 \u042f\u041a \u041f\u041e\u0412\u041e\u0414\u0418\u0422\u0418\u0421\u042f<\/a><\/strong><\/strong><\/li>\n<li style=\"text-align: left;\"><strong><a href=\"https:\/\/www.klaipedosbutai.lt\/wp-content\/uploads\/2025\/04\/\u0415\u0421\u041b\u0418-\u041a\u0420\u0418\u0417\u0418\u0421-\u0418\u041b\u0418-\u0412\u041e\u0419\u041d\u0410-\u041a\u0410\u041a-\u0421\u0415\u0411\u042f-\u0412\u0415\u0421\u0422\u0418.pdf\">\u0415\u0421\u041b\u0418 \u041a\u0420\u0418\u0417\u0418\u0421 \u0418\u041b\u0418 \u0412\u041e\u0419\u041d\u0410 \u041a\u0410\u041a \u0421\u0415\u0411\u042f \u0412\u0415\u0421\u0422\u0418<\/a><\/strong><\/li>\n<\/ul>\n<hr \/>\n<p class=\"has-text-align-center\" style=\"text-align: center;\">\n<\/div>\n<\/div>\n","protected":false},"excerpt":{"rendered":"<p>INFORMACIJA INTERESANTAMS Vie\u0161oji \u012fstaiga \u201eKlaip\u0117dos butai\u201c klientus aptarnauja nuotoliniu b\u016bdu arba su i\u0161ankstine vizito registracija. \u00a0+370 46 313 014\u00a0info@klaipedosbutai.lt &#x1f553; Darbo laikas:Pirmadienis\u2013ketvirtadienis: 8:00\u201312:00, 12:45\u201317:00Penktadienis: 8:00\u201312:00, 12:45\u201315:45Savaitgaliais ir \u0161ven\u010di\u0173 dienomis \u2013 nedirbame. INFORMUOJAME APIE B\u016aSTO NUOMOS MOKES\u010cIO PERSKAI\u010cIAVIM\u0104 Vadovaujantis galiojan\u010diais teis\u0117s aktais, nuo 2026 m. sausio 1 d. bus perskai\u010diuotas Klaip\u0117dos miesto savivaldybei nuosavyb\u0117s teise priklausan\u010di\u0173 [&hellip;]<\/p>\n","protected":false},"author":1,"featured_media":0,"parent":0,"menu_order":0,"comment_status":"closed","ping_status":"closed","template":"","meta":{"footnotes":""},"class_list":["post-506","page","type-page","status-publish","hentry"],"_links":{"self":[{"href":"https:\/\/www.klaipedosbutai.lt\/index.php?rest_route=\/wp\/v2\/pages\/506","targetHints":{"allow":["GET"]}}],"collection":[{"href":"https:\/\/www.klaipedosbutai.lt\/index.php?rest_route=\/wp\/v2\/pages"}],"about":[{"href":"https:\/\/www.klaipedosbutai.lt\/index.php?rest_route=\/wp\/v2\/types\/page"}],"author":[{"embeddable":true,"href":"https:\/\/www.klaipedosbutai.lt\/index.php?rest_route=\/wp\/v2\/users\/1"}],"replies":[{"embeddable":true,"href":"https:\/\/www.klaipedosbutai.lt\/index.php?rest_route=%2Fwp%2Fv2%2Fcomments&post=506"}],"version-history":[{"count":128,"href":"https:\/\/www.klaipedosbutai.lt\/index.php?rest_route=\/wp\/v2\/pages\/506\/revisions"}],"predecessor-version":[{"id":260812,"href":"https:\/\/www.klaipedosbutai.lt\/index.php?rest_route=\/wp\/v2\/pages\/506\/revisions\/260812"}],"wp:attachment":[{"href":"https:\/\/www.klaipedosbutai.lt\/index.php?rest_route=%2Fwp%2Fv2%2Fmedia&parent=506"}],"curies":[{"name":"wp","href":"https:\/\/api.w.org\/{rel}","templated":true}]}}