{"id":517,"date":"2020-11-24T13:10:00","date_gmt":"2020-11-24T11:10:00","guid":{"rendered":"http:\/\/www.klaipedosbutai.lt\/?page_id=517"},"modified":"2026-04-02T08:18:42","modified_gmt":"2026-04-02T06:18:42","slug":"rekvizitai","status":"publish","type":"page","link":"https:\/\/www.klaipedosbutai.lt\/?page_id=517","title":{"rendered":"Kontaktai"},"content":{"rendered":"<p><span style=\"color: #000000;\"><\/span><\/p>\r\n<div class=\"otQkpb\" role=\"heading\" aria-level=\"3\" data-animation-nesting=\"\" data-sfc-cp=\"\" data-sfc-root=\"c\" data-sfc-cb=\"\" data-complete=\"true\" data-processed=\"true\" data-sae=\"\">\r\n<p data-start=\"516\" data-end=\"553\"><span style=\"color: #000000;\"><strong data-start=\"516\" data-end=\"553\">VIE\u0160OJI \u012eSTAIGA \u201eKLAIP\u0116DOS BUTAI\u201c<\/strong><\/span><\/p>\r\n<p data-start=\"555\" data-end=\"647\"><span style=\"color: #000000;\">&#x1f4cd; Baltijos pr. 111-51, LT-93221 Klaip\u0117da<\/span><br data-start=\"596\" data-end=\"599\" \/><span style=\"color: #000000;\">&#x1f4de; +370 46 313 014<\/span><br data-start=\"617\" data-end=\"620\" \/><span style=\"color: #000000;\">&#x2709;&#xfe0f; <a class=\"decorated-link cursor-pointer\" style=\"color: #000000;\" rel=\"noopener\" data-start=\"623\" data-end=\"645\">info@klaipedosbutai.lt<\/a><\/span><\/p>\r\n<p data-start=\"654\" data-end=\"670\"><span style=\"color: #000000;\"><strong data-start=\"654\" data-end=\"670\">DARBO LAIKAS<\/strong><\/span><\/p>\r\n<p data-start=\"672\" data-end=\"727\"><span style=\"color: #000000;\">Pirmadienis\u2013ketvirtadienis<\/span><br data-start=\"698\" data-end=\"701\" \/><span style=\"color: #000000;\">08:00\u201312:00, 12:45\u201317:00<\/span><\/p>\r\n<p data-start=\"729\" data-end=\"770\"><span style=\"color: #000000;\">Penktadienis<\/span><br data-start=\"741\" data-end=\"744\" \/><span style=\"color: #000000;\">08:00\u201312:00, 12:45\u201315:45<\/span><\/p>\r\n<p data-start=\"772\" data-end=\"819\"><span style=\"color: #000000;\">Savaitgaliais ir \u0161ven\u010di\u0173 dienomis \u2013 nedirbame<\/span><\/p>\r\n<hr data-start=\"821\" data-end=\"824\" \/>\r\n<p data-start=\"826\" data-end=\"844\"><span style=\"color: #000000;\"><strong data-start=\"826\" data-end=\"844\">ADMINISTRACIJA<\/strong><\/span><\/p>\r\n<p data-start=\"846\" data-end=\"879\"><span style=\"color: #000000;\">Paulius Lengvinas<\/span><br data-start=\"863\" data-end=\"866\" \/><span style=\"color: #000000;\">Direktorius<\/span><\/p>\r\n<p data-start=\"881\" data-end=\"897\"><span style=\"color: #000000;\"><strong data-start=\"881\" data-end=\"897\">DARBO LAIKAS<\/strong><\/span><\/p>\r\n<p data-start=\"899\" data-end=\"941\"><span style=\"color: #000000;\">Pirmadienis\u2013ketvirtadienis<\/span><br data-start=\"925\" data-end=\"928\" \/><span style=\"color: #000000;\">09:00\u201315:30<\/span><\/p>\r\n<p data-start=\"899\" data-end=\"941\"><span style=\"color: #000000;\">Penktadienis<\/span><br data-start=\"955\" data-end=\"958\" \/><span style=\"color: #000000;\">08:00\u201312:00<\/span><\/p>\r\n<p data-start=\"973\" data-end=\"1020\"><span style=\"color: #000000;\">Savaitgaliais ir \u0161ven\u010di\u0173 dienomis \u2013 nedirbame<\/span><\/p>\r\n<p data-start=\"1022\" data-end=\"1070\"><span style=\"color: #000000;\">&#x1f4de; +370 46 313 014<\/span><br data-start=\"1040\" data-end=\"1043\" \/><span style=\"color: #000000;\">&#x2709;&#xfe0f; <a class=\"decorated-link cursor-pointer\" style=\"color: #000000;\" rel=\"noopener\" data-start=\"1046\" data-end=\"1068\">info@klaipedosbutai.lt<\/a><\/span><\/p>\r\n<hr data-start=\"1072\" data-end=\"1075\" \/>\r\n<p data-start=\"1077\" data-end=\"1091\">\u00a0<\/p>\r\n<\/div>\r\n<p><span style=\"color: #000000;\"><\/span><\/p>","protected":false},"excerpt":{"rendered":"<p>VIE\u0160OJI \u012eSTAIGA \u201eKLAIP\u0116DOS BUTAI\u201c &#x1f4cd; Baltijos pr. 111-51, LT-93221 Klaip\u0117da&#x1f4de; +370 46 313 014&#x2709;&#xfe0f; info@klaipedosbutai.lt DARBO LAIKAS Pirmadienis\u2013ketvirtadienis08:00\u201312:00, 12:45\u201317:00 Penktadienis08:00\u201312:00, 12:45\u201315:45 Savaitgaliais ir \u0161ven\u010di\u0173 dienomis \u2013 nedirbame ADMINISTRACIJA Paulius LengvinasDirektorius DARBO LAIKAS Pirmadienis\u2013ketvirtadienis09:00\u201315:30 Penktadienis08:00\u201312:00 Savaitgaliais ir \u0161ven\u010di\u0173 dienomis \u2013 nedirbame &#x1f4de; +370 46 313 014&#x2709;&#xfe0f; info@klaipedosbutai.lt \u00a0<\/p>\n","protected":false},"author":1,"featured_media":0,"parent":0,"menu_order":0,"comment_status":"closed","ping_status":"closed","template":"","meta":{"footnotes":""},"class_list":["post-517","page","type-page","status-publish","hentry"],"_links":{"self":[{"href":"https:\/\/www.klaipedosbutai.lt\/index.php?rest_route=\/wp\/v2\/pages\/517","targetHints":{"allow":["GET"]}}],"collection":[{"href":"https:\/\/www.klaipedosbutai.lt\/index.php?rest_route=\/wp\/v2\/pages"}],"about":[{"href":"https:\/\/www.klaipedosbutai.lt\/index.php?rest_route=\/wp\/v2\/types\/page"}],"author":[{"embeddable":true,"href":"https:\/\/www.klaipedosbutai.lt\/index.php?rest_route=\/wp\/v2\/users\/1"}],"replies":[{"embeddable":true,"href":"https:\/\/www.klaipedosbutai.lt\/index.php?rest_route=%2Fwp%2Fv2%2Fcomments&post=517"}],"version-history":[{"count":38,"href":"https:\/\/www.klaipedosbutai.lt\/index.php?rest_route=\/wp\/v2\/pages\/517\/revisions"}],"predecessor-version":[{"id":260807,"href":"https:\/\/www.klaipedosbutai.lt\/index.php?rest_route=\/wp\/v2\/pages\/517\/revisions\/260807"}],"wp:attachment":[{"href":"https:\/\/www.klaipedosbutai.lt\/index.php?rest_route=%2Fwp%2Fv2%2Fmedia&parent=517"}],"curies":[{"name":"wp","href":"https:\/\/api.w.org\/{rel}","templated":true}]}}